{"id":10436,"date":"2024-04-30T13:51:29","date_gmt":"2024-04-30T10:51:29","guid":{"rendered":"https:\/\/cancan.com.tr\/?page_id=10436"},"modified":"2024-04-30T15:01:07","modified_gmt":"2024-04-30T12:01:07","slug":"0702-profesyonel-tip-elektrikli-konserve-acacagi-dairesel-destek","status":"publish","type":"page","link":"https:\/\/cancan.com.tr\/en\/professional-type-electrical-can-opener-circle-support\/","title":{"rendered":"0702 &#8211; Professional Type Electrical Can Opener (Circle) Support"},"content":{"rendered":"<section class=\"wpb-content-wrapper\"><p>[vc_row full_width=&#8221;stretch_row_content&#8221; tlg_padding=&#8221;pt0 pb0&#8243; css=&#8221;.vc_custom_1695301269240{margin-top: 80px !important;margin-bottom: 0px !important;}&#8221; el_class=&#8221;sss-section&#8221;][vc_column width=&#8221;1\/2&#8243;]<div id=\"accordion-69f2fbff381b5\"><ul class=\" wpb_animate_when_almost_visible wpb_fadeInDown fadeInDown  accordion accordion-style-1 accordion-auto-close \"><li><div class=\"title\"><span>Equipment does not operate ?<\/span><\/div><div class=\"content\"><\/p>\n<ul>\n<li>Equipment is not &#8216;on&#8217; position. Bring in to &#8216;on&#8217;<\/li>\n<li>No voltage. Check the plug.<\/li>\n<li>Plug \/ Cable failure. Call the technical service.<\/li>\n<li>Engine failure. Call the technicl service.<\/li>\n<li>Failure of On-Off button. Call the technical service.<\/li>\n<li>Failure of circuits. Call the technical service.<\/li>\n<\/ul>\n<p>\n<\/div><\/li><li><div class=\"title\"><span>Equipment stops frequently during the cutting operation ?<\/span><\/div><div class=\"content\"><\/p>\n<ul>\n<li>Insufficient voltage. Check the voltage and compare it with the value given in the operating manual.<\/li>\n<li>Failure of circuits. Call the technical service.<\/li>\n<\/ul>\n<p>\n<\/div><\/li><li><div class=\"title\"><span>Gear rotates, but does not cut ?<\/span><\/div><div class=\"content\"><\/p>\n<ul>\n<li>Knife broken or blunt. Call the technical service.<\/li>\n<\/ul>\n<p>\n<\/div><\/li><li><div class=\"title\"><span>Gear rotates, but slips ?<\/span><\/div><div class=\"content\"><\/p>\n<ul>\n<li>Gear might have been covered by food material. Remove any food material on the gear.<\/li>\n<li>Gear teeth broken. Call the technical service.<\/li>\n<\/ul>\n<p>\n<\/div><\/li><li><div class=\"title\"><span>Engine runs, but gear does not rotate ?<\/span><\/div><div class=\"content\"><\/p>\n<ul>\n<li>Internal failure. Call the technical service.<\/li>\n<\/ul>\n<p>\n<\/div><\/li><li><div class=\"title\"><span>Equipment stops after a short time ?<\/span><\/div><div class=\"content\"><\/p>\n<ul>\n<li>Insufficient ventilation. Make sure the ventilation grilles are not obstructed.<\/li>\n<li>Excessive power. Call the technical service.<\/li>\n<\/ul>\n<p>\n<\/div><\/li><\/ul><\/div><script type=\"text\/javascript\">jQuery(document).ready(function(){jQuery('head').append('<style type=\"text\/css\" id=\"tlg-custom-css-accordion-69f2fbff381b5\">#accordion-69f2fbff381b5 .accordion-style-1 .active .title{background:#ff931e;border-color:#ff931e;}#accordion-69f2fbff381b5 .accordion-style-2 .active .title:before{background:#ff931e;}<\/style>');});<\/script>[\/vc_column][vc_column width=&#8221;1\/2&#8243;][vc_single_image image=&#8221;10439&#8243; img_size=&#8221;full&#8221;][\/vc_column][\/vc_row]<\/p>\n<\/section>","protected":false},"excerpt":{"rendered":"<p>[vc_row full_width=&#8221;stretch_row_content&#8221; tlg_padding=&#8221;pt0 pb0&#8243; css=&#8221;.vc_custom_1695301269240{margin-top: 80px !important;margin-bottom: 0px !important;}&#8221; el_class=&#8221;sss-section&#8221;][vc_column width=&#8221;1\/2&#8243;][\/vc_column][vc_column width=&#8221;1\/2&#8243;][vc_single_image image=&#8221;10439&#8243; img_size=&#8221;full&#8221;][\/vc_column][\/vc_row]<\/p>\n","protected":false},"author":2,"featured_media":0,"parent":0,"menu_order":0,"comment_status":"closed","ping_status":"closed","template":"","meta":{"footnotes":""},"class_list":["post-10436","page","type-page","status-publish","hentry"],"acf":[],"yoast_head":"<!-- This site is optimized with the Yoast SEO plugin v27.0 - https:\/\/yoast.com\/product\/yoast-seo-wordpress\/ -->\n<title>0702 - Professional Type Electrical Can Opener (Circle) Support - Cancan Meyve Presleri<\/title>\n<meta name=\"robots\" content=\"index, follow, max-snippet:-1, max-image-preview:large, max-video-preview:-1\" \/>\n<link rel=\"canonical\" href=\"https:\/\/cancan.com.tr\/profesyonel-tip-elektrikli-konserve-acacagi-dairesel-destek\/\" \/>\n<meta property=\"og:locale\" content=\"en_US\" \/>\n<meta property=\"og:type\" content=\"article\" \/>\n<meta property=\"og:title\" content=\"[:en]0702 - Professional Type Electrical Can Opener (Circle) Support[:tr]0702- Profesyonel Tip Elektrikli Konserve A\u00e7aca\u011f\u0131 (Dairesel) Destek[:] - Cancan Meyve Presleri\" \/>\n<meta property=\"og:description\" content=\"[vc_row full_width=&#8221;stretch_row_content&#8221; tlg_padding=&#8221;pt0 pb0&#8243; css=&#8221;.vc_custom_1695301269240{margin-top: 80px !important;margin-bottom: 0px !important;}&#8221; el_class=&#8221;sss-section&#8221;][vc_column width=&#8221;1\/2&#8243;][\/vc_column][vc_column width=&#8221;1\/2&#8243;][vc_single_image image=&#8221;10439&#8243; img_size=&#8221;full&#8221;][\/vc_column][\/vc_row]\" \/>\n<meta property=\"og:url\" content=\"https:\/\/cancan.com.tr\/profesyonel-tip-elektrikli-konserve-acacagi-dairesel-destek\/\" \/>\n<meta property=\"og:site_name\" content=\"Cancan Meyve Presleri\" \/>\n<meta property=\"article:modified_time\" content=\"2024-04-30T12:01:07+00:00\" \/>\n<meta name=\"twitter:card\" content=\"summary_large_image\" \/>\n<meta name=\"twitter:label1\" content=\"Est. reading time\" \/>\n\t<meta name=\"twitter:data1\" content=\"3 minutes\" \/>\n<script type=\"application\/ld+json\" class=\"yoast-schema-graph\">{\"@context\":\"https:\/\/schema.org\",\"@graph\":[{\"@type\":\"WebPage\",\"@id\":\"https:\/\/cancan.com.tr\/profesyonel-tip-elektrikli-konserve-acacagi-dairesel-destek\/\",\"url\":\"https:\/\/cancan.com.tr\/profesyonel-tip-elektrikli-konserve-acacagi-dairesel-destek\/\",\"name\":\"[:en]0702 - Professional Type Electrical Can Opener (Circle) Support[:tr]0702- Profesyonel Tip Elektrikli Konserve A\u00e7aca\u011f\u0131 (Dairesel) Destek[:] - Cancan Meyve Presleri\",\"isPartOf\":{\"@id\":\"https:\/\/cancan.com.tr\/#website\"},\"datePublished\":\"2024-04-30T10:51:29+00:00\",\"dateModified\":\"2024-04-30T12:01:07+00:00\",\"breadcrumb\":{\"@id\":\"https:\/\/cancan.com.tr\/profesyonel-tip-elektrikli-konserve-acacagi-dairesel-destek\/#breadcrumb\"},\"inLanguage\":\"en-US\",\"potentialAction\":[{\"@type\":\"ReadAction\",\"target\":[\"https:\/\/cancan.com.tr\/profesyonel-tip-elektrikli-konserve-acacagi-dairesel-destek\/\"]}]},{\"@type\":\"BreadcrumbList\",\"@id\":\"https:\/\/cancan.com.tr\/profesyonel-tip-elektrikli-konserve-acacagi-dairesel-destek\/#breadcrumb\",\"itemListElement\":[{\"@type\":\"ListItem\",\"position\":1,\"name\":\"Anasayfa\",\"item\":\"https:\/\/cancan.com.tr\/\"},{\"@type\":\"ListItem\",\"position\":2,\"name\":\"0702- Profesyonel Tip Elektrikli Konserve A\u00e7aca\u011f\u0131 (Dairesel) Destek\"}]},{\"@type\":\"WebSite\",\"@id\":\"https:\/\/cancan.com.tr\/#website\",\"url\":\"https:\/\/cancan.com.tr\/\",\"name\":\"Cancan Meyve Presleri\",\"description\":\"www.cancan.com.tr\",\"publisher\":{\"@id\":\"https:\/\/cancan.com.tr\/#organization\"},\"potentialAction\":[{\"@type\":\"SearchAction\",\"target\":{\"@type\":\"EntryPoint\",\"urlTemplate\":\"https:\/\/cancan.com.tr\/?s={search_term_string}\"},\"query-input\":{\"@type\":\"PropertyValueSpecification\",\"valueRequired\":true,\"valueName\":\"search_term_string\"}}],\"inLanguage\":\"en-US\"},{\"@type\":\"Organization\",\"@id\":\"https:\/\/cancan.com.tr\/#organization\",\"name\":\"Cancan Meyve Presleri\",\"url\":\"https:\/\/cancan.com.tr\/\",\"logo\":{\"@type\":\"ImageObject\",\"inLanguage\":\"en-US\",\"@id\":\"https:\/\/cancan.com.tr\/#\/schema\/logo\/image\/\",\"url\":\"https:\/\/cancan.com.tr\/wp-content\/uploads\/2026\/03\/CancanLogo.png\",\"contentUrl\":\"https:\/\/cancan.com.tr\/wp-content\/uploads\/2026\/03\/CancanLogo.png\",\"width\":362,\"height\":67,\"caption\":\"Cancan Meyve Presleri\"},\"image\":{\"@id\":\"https:\/\/cancan.com.tr\/#\/schema\/logo\/image\/\"}}]}<\/script>\n<!-- \/ Yoast SEO plugin. -->","yoast_head_json":{"title":"[:en]0702 - Professional Type Electrical Can Opener (Circle) Support[:tr]0702- Profesyonel Tip Elektrikli Konserve A\u00e7aca\u011f\u0131 (Dairesel) Destek[:] - Cancan Meyve Presleri","robots":{"index":"index","follow":"follow","max-snippet":"max-snippet:-1","max-image-preview":"max-image-preview:large","max-video-preview":"max-video-preview:-1"},"canonical":"https:\/\/cancan.com.tr\/profesyonel-tip-elektrikli-konserve-acacagi-dairesel-destek\/","og_locale":"en_US","og_type":"article","og_title":"[:en]0702 - Professional Type Electrical Can Opener (Circle) Support[:tr]0702- Profesyonel Tip Elektrikli Konserve A\u00e7aca\u011f\u0131 (Dairesel) Destek[:] - Cancan Meyve Presleri","og_description":"[vc_row full_width=&#8221;stretch_row_content&#8221; tlg_padding=&#8221;pt0 pb0&#8243; css=&#8221;.vc_custom_1695301269240{margin-top: 80px !important;margin-bottom: 0px !important;}&#8221; el_class=&#8221;sss-section&#8221;][vc_column width=&#8221;1\/2&#8243;][\/vc_column][vc_column width=&#8221;1\/2&#8243;][vc_single_image image=&#8221;10439&#8243; img_size=&#8221;full&#8221;][\/vc_column][\/vc_row]","og_url":"https:\/\/cancan.com.tr\/profesyonel-tip-elektrikli-konserve-acacagi-dairesel-destek\/","og_site_name":"Cancan Meyve Presleri","article_modified_time":"2024-04-30T12:01:07+00:00","twitter_card":"summary_large_image","twitter_misc":{"Est. reading time":"3 minutes"},"schema":{"@context":"https:\/\/schema.org","@graph":[{"@type":"WebPage","@id":"https:\/\/cancan.com.tr\/profesyonel-tip-elektrikli-konserve-acacagi-dairesel-destek\/","url":"https:\/\/cancan.com.tr\/profesyonel-tip-elektrikli-konserve-acacagi-dairesel-destek\/","name":"[:en]0702 - Professional Type Electrical Can Opener (Circle) Support[:tr]0702- Profesyonel Tip Elektrikli Konserve A\u00e7aca\u011f\u0131 (Dairesel) Destek[:] - Cancan Meyve Presleri","isPartOf":{"@id":"https:\/\/cancan.com.tr\/#website"},"datePublished":"2024-04-30T10:51:29+00:00","dateModified":"2024-04-30T12:01:07+00:00","breadcrumb":{"@id":"https:\/\/cancan.com.tr\/profesyonel-tip-elektrikli-konserve-acacagi-dairesel-destek\/#breadcrumb"},"inLanguage":"en-US","potentialAction":[{"@type":"ReadAction","target":["https:\/\/cancan.com.tr\/profesyonel-tip-elektrikli-konserve-acacagi-dairesel-destek\/"]}]},{"@type":"BreadcrumbList","@id":"https:\/\/cancan.com.tr\/profesyonel-tip-elektrikli-konserve-acacagi-dairesel-destek\/#breadcrumb","itemListElement":[{"@type":"ListItem","position":1,"name":"Anasayfa","item":"https:\/\/cancan.com.tr\/"},{"@type":"ListItem","position":2,"name":"0702- Profesyonel Tip Elektrikli Konserve A\u00e7aca\u011f\u0131 (Dairesel) Destek"}]},{"@type":"WebSite","@id":"https:\/\/cancan.com.tr\/#website","url":"https:\/\/cancan.com.tr\/","name":"Cancan Meyve Presleri","description":"www.cancan.com.tr","publisher":{"@id":"https:\/\/cancan.com.tr\/#organization"},"potentialAction":[{"@type":"SearchAction","target":{"@type":"EntryPoint","urlTemplate":"https:\/\/cancan.com.tr\/?s={search_term_string}"},"query-input":{"@type":"PropertyValueSpecification","valueRequired":true,"valueName":"search_term_string"}}],"inLanguage":"en-US"},{"@type":"Organization","@id":"https:\/\/cancan.com.tr\/#organization","name":"Cancan Meyve Presleri","url":"https:\/\/cancan.com.tr\/","logo":{"@type":"ImageObject","inLanguage":"en-US","@id":"https:\/\/cancan.com.tr\/#\/schema\/logo\/image\/","url":"https:\/\/cancan.com.tr\/wp-content\/uploads\/2026\/03\/CancanLogo.png","contentUrl":"https:\/\/cancan.com.tr\/wp-content\/uploads\/2026\/03\/CancanLogo.png","width":362,"height":67,"caption":"Cancan Meyve Presleri"},"image":{"@id":"https:\/\/cancan.com.tr\/#\/schema\/logo\/image\/"}}]}},"_links":{"self":[{"href":"https:\/\/cancan.com.tr\/en\/wp-json\/wp\/v2\/pages\/10436","targetHints":{"allow":["GET"]}}],"collection":[{"href":"https:\/\/cancan.com.tr\/en\/wp-json\/wp\/v2\/pages"}],"about":[{"href":"https:\/\/cancan.com.tr\/en\/wp-json\/wp\/v2\/types\/page"}],"author":[{"embeddable":true,"href":"https:\/\/cancan.com.tr\/en\/wp-json\/wp\/v2\/users\/2"}],"replies":[{"embeddable":true,"href":"https:\/\/cancan.com.tr\/en\/wp-json\/wp\/v2\/comments?post=10436"}],"version-history":[{"count":3,"href":"https:\/\/cancan.com.tr\/en\/wp-json\/wp\/v2\/pages\/10436\/revisions"}],"predecessor-version":[{"id":10441,"href":"https:\/\/cancan.com.tr\/en\/wp-json\/wp\/v2\/pages\/10436\/revisions\/10441"}],"wp:attachment":[{"href":"https:\/\/cancan.com.tr\/en\/wp-json\/wp\/v2\/media?parent=10436"}],"curies":[{"name":"wp","href":"https:\/\/api.w.org\/{rel}","templated":true}]}}